{"id":3737,"date":"2024-08-29T11:00:37","date_gmt":"2024-08-29T09:00:37","guid":{"rendered":"https:\/\/versabox.eu\/notification-duty\/"},"modified":"2024-09-06T10:04:04","modified_gmt":"2024-09-06T08:04:04","slug":"auskunftspficht","status":"publish","type":"page","link":"https:\/\/versabox.eu\/de\/auskunftspficht\/","title":{"rendered":"Auskunftspficht"},"content":{"rendered":"\n<p>Auskunftspflicht von WDX<\/p>\n\n\n\n<p>Anhand des Art. 13 Abs. 1&nbsp;und 2&nbsp;der Verordnung des Europ\u00e4ischen Parlaments und des Rates (EU) Nr. 2016\/679 vom 27. April 2016 zum Schutz nat\u00fcrlicher Personen bei der Verarbeitung personenbezogener Daten, zum freien Datenverkehr und zur Aufhebung der Richtlinie 95\/46\/WE (Datenschutz-Grundverordnung, nachfolgend DSGVO) teilen wir mit, dass:<\/p>\n\n\n\n<ul class=\"wp-block-list\">\n<li>der Auftragsverarbeiter personenbezogener Daten WDX S.A. mit Sitz in Warschau: Ta\u015bmowa-Str. 7, 02-677 Warschau (\u201eAuftragsverarbeiter\u201c) ist. Kontaktdaten des Auftragsverarbeiters: odo@wdx.pl.<\/li>\n\n\n\n<li>die personenbezogenen Daten, d.h. der Vor- und Nachname, der Posten, die Telefonnummer sowie die E-Mail-Adresse zur Realisierung eines rechtsbegr\u00fcndetes Interesses des Auftragsverarbeiters in Form von der Aus\u00fcbung von den aus dem mit dem Kunden abgeschlossenen Kooperationsvertrags erfolgenden Rechten und Pflichten verarbeitet werden;<\/li>\n\n\n\n<li>die Empf\u00e4nger personenbezogener Daten die Mitarbeiter des Auftragsverarbeiters sowie Firmen werden, die f\u00fcr den Auftragsverarbeiter Dienstleistungen im Bereich der Unterst\u00fctzung von IT- und Marketingprozessen, der Zustellung von Schreiben und Zerst\u00f6rung der Dokumentation erbringen;<\/li>\n\n\n\n<li>der Auftragsverarbeiter nicht beabsichtigt, die Daten einem Drittstaat oder einer internationalen Organisation zu \u00fcbermitteln;<\/li>\n\n\n\n<li>die personenbezogen Daten w\u00e4hrend des Schriftwechsels mit Ihnen verarbeitet werden.<\/li>\n<\/ul>\n\n\n\n<p>Sie haben Recht:<\/p>\n\n\n\n<ul class=\"wp-block-list\">\n<li>den Zugang zu Ihren Daten zu verlangen, diese zu berichtigen, l\u00f6schen oder die Einschr\u00e4nkung ihrer Verarbeitung zu verlangen sowie diese zu \u00fcbermitteln;<\/li>\n\n\n\n<li>einen Einspruch gegen die Verarbeitung personenbezogener Daten zu Marketingzwecken einzulegen,<\/li>\n\n\n\n<li>die Zustimmung zur Datenverarbeitung zu Marketingzwecken zur\u00fcckzuziehen; das Zur\u00fcckziehen der Zustimmung ist ohne Einfluss auf die Rechtsm\u00e4\u00dfigkeit der Datenverarbeitung, die anhand dieser Zustimmung vor ihrem Zur\u00fcckziehen erfolgte,<\/li>\n\n\n\n<li>eine Klage beim Pr\u00e4sidenten des Amtes f\u00fcr Datenschutz einzureichen.<\/li>\n<\/ul>\n\n\n\n<p>1. Die Angabe personenbezogener Daten ist freiwillig, aber zur Lieferung von Marketinginhalten erforderlich.<\/p>\n\n\n\n<p>2. Ihre personenbezogenen Daten werden zum Profilieren, darunter im automatischen Entscheidungsprozess nicht benutzt.<\/p>\n\n\n\n<p>3. Nach Beendigung der Verarbeitung personenbezogener Daten zum urspr\u00fcnglichen Zweck k\u00f6nnen Ihre Daten zur Verteidigung etwaiger Anspr\u00fcche \u2013 bis zum Ablauf der Verj\u00e4hrungsfrist dieser Anspr\u00fcche verarbeitet werden.<\/p>\n","protected":false},"excerpt":{"rendered":"<p>Auskunftspflicht von WDX Anhand des Art. 13 Abs. 1&nbsp;und 2&nbsp;der Verordnung des Europ\u00e4ischen Parlaments und des Rates (EU) Nr. 2016\/679 vom 27. April 2016 zum Schutz nat\u00fcrlicher Personen bei der Verarbeitung personenbezogener Daten, zum freien Datenverkehr und zur Aufhebung der Richtlinie 95\/46\/WE (Datenschutz-Grundverordnung, nachfolgend DSGVO) teilen wir mit, dass: Sie haben Recht: 1. Die Angabe [&hellip;]<\/p>\n","protected":false},"author":1,"featured_media":0,"parent":0,"menu_order":0,"comment_status":"closed","ping_status":"closed","template":"","meta":{"_acf_changed":false,"footnotes":""},"class_list":["post-3737","page","type-page","status-publish","hentry"],"acf":[],"_links":{"self":[{"href":"https:\/\/versabox.eu\/de\/wp-json\/wp\/v2\/pages\/3737","targetHints":{"allow":["GET"]}}],"collection":[{"href":"https:\/\/versabox.eu\/de\/wp-json\/wp\/v2\/pages"}],"about":[{"href":"https:\/\/versabox.eu\/de\/wp-json\/wp\/v2\/types\/page"}],"author":[{"embeddable":true,"href":"https:\/\/versabox.eu\/de\/wp-json\/wp\/v2\/users\/1"}],"replies":[{"embeddable":true,"href":"https:\/\/versabox.eu\/de\/wp-json\/wp\/v2\/comments?post=3737"}],"version-history":[{"count":0,"href":"https:\/\/versabox.eu\/de\/wp-json\/wp\/v2\/pages\/3737\/revisions"}],"wp:attachment":[{"href":"https:\/\/versabox.eu\/de\/wp-json\/wp\/v2\/media?parent=3737"}],"curies":[{"name":"wp","href":"https:\/\/api.w.org\/{rel}","templated":true}]}}