{"id":3754,"date":"2024-09-01T21:27:47","date_gmt":"2024-09-01T19:27:47","guid":{"rendered":"https:\/\/versabox.eu\/cookie-policy\/"},"modified":"2024-09-06T11:09:59","modified_gmt":"2024-09-06T09:09:59","slug":"cookie-bestimmungen","status":"publish","type":"page","link":"https:\/\/versabox.eu\/de\/cookie-bestimmungen\/","title":{"rendered":"Cookie-Bestimmungen"},"content":{"rendered":"\n<p>Cookies sind kleine Textdateien, die von Ihrem Browser automatisch erstellt werden, wenn Sie Websites besuchen. Sie dienen lediglich dazu, eine Website besser an die individuellen Bed\u00fcrfnisse der Internetbenutzer anzupassen. Sie enthalten keine pers\u00f6nlichen Daten.<\/p>\n\n\n\n<p>Wir verwenden Cookies, um Informationen dar\u00fcber zu sammeln, wie Besucher unsere Website nutzen. Dank dieser Informationen verbessern wir den Betrieb der Website laufend und bieten den Benutzern optimale Bedingungen f\u00fcr die Nutzung der Website und ihres Angebots. Um die von uns verwendeten Cookies zu verwalten, klicken Sie bitte auf Cookie-Einstellungen.<\/p>\n\n\n\n<p>Wir verwenden die folgenden Arten von Cookies auf unserer Website:<\/p>\n","protected":false},"excerpt":{"rendered":"<p>Cookies sind kleine Textdateien, die von Ihrem Browser automatisch erstellt werden, wenn Sie Websites besuchen. Sie dienen lediglich dazu, eine Website besser an die individuellen Bed\u00fcrfnisse der Internetbenutzer anzupassen. Sie enthalten keine pers\u00f6nlichen Daten. Wir verwenden Cookies, um Informationen dar\u00fcber zu sammeln, wie Besucher unsere Website nutzen. Dank dieser Informationen verbessern wir den Betrieb der [&hellip;]<\/p>\n","protected":false},"author":1,"featured_media":0,"parent":0,"menu_order":0,"comment_status":"closed","ping_status":"closed","template":"tpl\/cookie.php","meta":{"_acf_changed":false,"footnotes":""},"class_list":["post-3754","page","type-page","status-publish","hentry"],"acf":[],"_links":{"self":[{"href":"https:\/\/versabox.eu\/de\/wp-json\/wp\/v2\/pages\/3754","targetHints":{"allow":["GET"]}}],"collection":[{"href":"https:\/\/versabox.eu\/de\/wp-json\/wp\/v2\/pages"}],"about":[{"href":"https:\/\/versabox.eu\/de\/wp-json\/wp\/v2\/types\/page"}],"author":[{"embeddable":true,"href":"https:\/\/versabox.eu\/de\/wp-json\/wp\/v2\/users\/1"}],"replies":[{"embeddable":true,"href":"https:\/\/versabox.eu\/de\/wp-json\/wp\/v2\/comments?post=3754"}],"version-history":[{"count":0,"href":"https:\/\/versabox.eu\/de\/wp-json\/wp\/v2\/pages\/3754\/revisions"}],"wp:attachment":[{"href":"https:\/\/versabox.eu\/de\/wp-json\/wp\/v2\/media?parent=3754"}],"curies":[{"name":"wp","href":"https:\/\/api.w.org\/{rel}","templated":true}]}}