{"id":3734,"date":"2024-08-19T11:05:39","date_gmt":"2024-08-19T09:05:39","guid":{"rendered":"https:\/\/versabox.eu\/privacy-policy\/"},"modified":"2024-09-06T09:59:12","modified_gmt":"2024-09-06T07:59:12","slug":"polityka-prywatnosci","status":"publish","type":"page","link":"https:\/\/versabox.eu\/pl\/polityka-prywatnosci\/","title":{"rendered":"Polityka prywatno\u015bci"},"content":{"rendered":"\n<p>Poufno\u015b\u0107 danych i&nbsp;ochrona prywatno\u015bci naszych Klient\u00f3w stanowi dla nas kwesti\u0119 priorytetow\u0105. W&nbsp;zwi\u0105zku z&nbsp;tym w&nbsp;trosce o&nbsp;bezpiecze\u0144stwo Pa\u0144stwa danych osobowych w&nbsp;WDX S.A. z&nbsp;&nbsp;siedzib\u0105 w&nbsp;Warszawie (02-677), ul. Ta\u015bmowa 7&nbsp;ustanowiono polityk\u0119 okre\u015blaj\u0105c\u0105 zasady dotycz\u0105ce sposobu przetwarzania danych osobowych.<\/p>\n\n\n\n<p>Pa\u0144stwa dane osobowe przetwarzamy zgodnie z&nbsp;Rozporz\u0105dzeniem Parlamentu Europejskiego i&nbsp;Rady (UE) 2016\/679 z&nbsp;dnia 27 kwietnia 2016 r. w&nbsp;sprawie ochrony os\u00f3b fizycznych w&nbsp;zwi\u0105zku z&nbsp;przetwarzaniem danych osobowych i&nbsp;w&nbsp;sprawie swobodnego przep\u0142ywu takich danych oraz uchylenia dyrektywy 95\/46\/WE (og\u00f3lne rozporz\u0105dzenie o&nbsp;ochronie danych, dalej RODO).<\/p>\n\n\n\n<p><strong>Administrator danych osobowych<\/strong><\/p>\n\n\n\n<p>Administratorem Pa\u0144stwa danych osobowych w&nbsp;rozumieniu art. 4&nbsp;pkt 7) RODO jest WDX S.A. z&nbsp;&nbsp;siedzib\u0105 w&nbsp;Warszawie (02-677), ul. Ta\u015bmowa 7, wpisana do rejestru przedsi\u0119biorc\u00f3w prowadzonego przez S\u0105d Rejonowy dla m.st. Warszawy XIII Wydzia\u0142 Gospodarczy Krajowego Rejestru S\u0105dowego pod numerem 0000118662, (dalej Administrator).<\/p>\n\n\n\n<p><strong>Kontakt z&nbsp;Administratorem<\/strong><\/p>\n\n\n\n<p>We wszystkich sprawach zwi\u0105zanych z&nbsp;przetwarzaniem danych osobowych mog\u0105 si\u0119 Pa\u0144stwo skontaktowa\u0107 z&nbsp;Administratorem na ww. adres siedziby lub poprzez email: <a href=\"mailto:odo@wdx.pl\">odo@wdx.pl<\/a><\/p>\n\n\n\n<p><strong>\u0179r\u00f3d\u0142o pozyskania danych osobowych<\/strong><\/p>\n\n\n\n<p>Dane osobowe s\u0105 pozyskiwane bezpo\u015brednio od Pa\u0144stwa lub od os\u00f3b \/&nbsp;podmiot\u00f3w trzecich np. podmiotu w&nbsp;imieniu, kt\u00f3rego Pa\u0144stwo wyst\u0119puj\u0105 lub naszych Partner\u00f3w, a&nbsp;tak\u017ce z&nbsp;innych og\u00f3lnodost\u0119pnych rejestr\u00f3w. Informacje uzyskujemy r\u00f3wnie\u017c poprzez uzupe\u0142nienie formularza kontaktowego lub poprzez pliki cookies.<\/p>\n\n\n\n<p><strong>Zakres przetwarzanych danych osobowych<\/strong><\/p>\n\n\n\n<p>W przypadku kontaktu z&nbsp;Administratorem za pomoc\u0105 serwisu lub danych kontaktowych podanych w&nbsp;serwisie, Administrator przetwarza dane podane przez Pa\u0144stwa w&nbsp;celu nawi\u0105zania kontaktu, w&nbsp;tym imi\u0119, nazwisko, adres e-mail lub nr telefonu, tre\u015b\u0107 zadanego pytania lub poruszonego zagadnienia oraz ewentualnie inne dane, kt\u00f3re Pa\u0144stwo podali. W&nbsp;zwi\u0105zku ze stosowaniem plik\u00f3w cookies do cel\u00f3w statystycznych, Administrator mo\u017ce przetwarza\u0107 nast\u0119puj\u0105ce dane: adres IP, d\u0142ugo\u015b\u0107 trwania danej sesji, cz\u0119sto\u015b\u0107 odwiedzania serwisu.<\/p>\n\n\n\n<p><strong>Cel i&nbsp;podstawa prawna przetwarzania danych osobowych<\/strong><\/p>\n\n\n\n<figure class=\"wp-block-table\"><table class=\"has-fixed-layout\"><tbody><tr><td><strong>Cel przetwarzania danych<\/strong><\/td><td><strong>Podstawa prawna<\/strong><\/td><\/tr><tr><td>Udzielenie odpowiedzi osobie lub kontakt zwrotny z&nbsp;osob\u0105, kt\u00f3ra nawi\u0105za\u0142a kontakt z&nbsp;Administratorem poprzez formularz kontaktowy, w&nbsp;tym \u201eZapytaj o&nbsp;ofert\u0119\u201d<\/td><td>Prawnie uzasadniony interes Administratora \u2013 art. 6&nbsp;ust. 1&nbsp;lit. f) RODO.<\/td><\/tr><tr><td>Zawarcie i&nbsp;wykonanie umowy \u2013 w&nbsp;przypadku gdy s\u0105 Pa\u0144stwo stron\u0105 umowy.<\/td><td>Przetwarzanie danych jest niezb\u0119dne do zawarcia i&nbsp;wykonania umowy \u2013 art. 6&nbsp;ust. 1&nbsp;lit. b) RODO.<\/td><\/tr><tr><td>Zapewnienie kontakt\u00f3w niezb\u0119dnych do obs\u0142ugi i&nbsp;realizacji umowy zawartej z&nbsp;podmiotem, w&nbsp;imieniu kt\u00f3rego Pa\u0144stwo wst\u0119puj\u0105 oraz utrzymania kontakt\u00f3w biznesowych.<\/td><td>Prawnie uzasadniony interes Administratora \u2013 art. 6&nbsp;ust. 1&nbsp;lit. f) RODO.<\/td><\/tr><tr><td>Rozpatrywanie ewentualnych reklamacji, a&nbsp;tak\u017ce ustalenie, dochodzenie i&nbsp;obrona przed roszczeniami.<\/td><td>Prawnie uzasadniony interes Administratora \u2013 art. 6&nbsp;ust. 1&nbsp;lit. f) RODO.<\/td><\/tr><tr><td>Realizacja obowi\u0105zk\u00f3w prawnych na\u0142o\u017conych na Administratora, dotycz\u0105cych m. in. prowadzenia rachunkowo\u015bci i&nbsp;dokumentacji ksi\u0119gowej, a&nbsp;tak\u017ce realizacji praw os\u00f3b, kt\u00f3rych dane dotycz\u0105.<\/td><td>Wype\u0142nienie obowi\u0105zku prawnego ci\u0105\u017c\u0105cego na Administratorze \u2013 art. 6&nbsp;ust. 1&nbsp;lit. c) RODO.<\/td><\/tr><tr><td>Wysy\u0142ka tre\u015bci marketingowych w&nbsp;postaci newslettera (zawieraj\u0105cego w&nbsp;szczeg\u00f3lno\u015bci informacje dotycz\u0105ce firmy, nowych produkt\u00f3w, aktualnej oferty) poczt\u0105 elektroniczn\u0105.<\/td><td>Dobrowolnie wyra\u017cona zgoda \u2013 art. 6&nbsp;ust. 1&nbsp;lit. a) RODO.<\/td><\/tr><tr><td>Prowadzenie dzia\u0142a\u0144 marketingu bezpo\u015bredniego.<\/td><td>Prawnie uzasadniony interes Administratora \u2013 art. 6&nbsp;ust. 1&nbsp;lit. f) RODO.<\/td><\/tr><tr><td>Przeprowadzenia procesu rekrutacji i&nbsp;wyboru odpowiedniej osoby do zatrudnienia.<\/td><td>W zakresie wynikaj\u0105cym z&nbsp;art. 22(1) Kodeksu pracy, podstaw\u0105 prawn\u0105 jest obowi\u0105zek prawny spoczywaj\u0105cy na Administratorze (art. 6&nbsp;ust. 1&nbsp;lit. c) RODO).<br>Dotyczy to takich danych, jak: imi\u0119 (imiona) i&nbsp;nazwisko, data urodzenia oraz dane kontaktowe wskazane przez kandydata do pracy. Je\u015bli jest to niezb\u0119dne do wykonywania pracy okre\u015blonego rodzaju lub na okre\u015blonym stanowisku, dotyczy to r\u00f3wnie\u017c informacji o&nbsp;wykszta\u0142ceniu, kwalifikacjach zawodowych i&nbsp;przebiegu dotychczasowego zatrudnienia. Obowi\u0105zek prawny spoczywaj\u0105cy na Administratorze obejmuje r\u00f3wnie\u017c te dane, kt\u00f3rych podanie jest niezb\u0119dne do zrealizowania uprawnienia lub spe\u0142nienia obowi\u0105zku wynikaj\u0105cego z&nbsp;przepisu prawa.<br>W przypadku podania przez kandydata do pracy danych osobowych w&nbsp;zakresie szerszym ni\u017c okre\u015blony w&nbsp;przepisach prawa pracy, podstaw\u0105 prawn\u0105 ich przetwarzania w&nbsp;ww. celu jest zgoda kandydata (art. 6&nbsp;ust. 1&nbsp;lit. a) RODO).<br>Dotyczy to wszelkich danych podanych przez kandydata do pracy w&nbsp;\u017cyciorysie (CV), li\u015bcie motywacyjnym b\u0105d\u017a udost\u0119pnionych w&nbsp;trakcie rozm\u00f3w kwalifikacyjnych.<\/td><\/tr><tr><td>Zbieranie informacji o&nbsp;statystykach ruchu w&nbsp;serwisie.<\/td><td>Prawnie uzasadniony interes Administratora \u2013 art. 6&nbsp;ust. 1&nbsp;lit. f) RODO<\/td><\/tr><tr><td>Realizacja \u017c\u0105da\u0144 os\u00f3b, rozpatrzenie zg\u0142oszenia dotycz\u0105cego danych osobowych.<\/td><td>Wykonanie obowi\u0105zku prawnego polegaj\u0105cego na konieczno\u015bci rozpatrzenia Pa\u0144stwa zg\u0142oszenia (art. 6&nbsp;ust. 1&nbsp;lit. c&nbsp;RODO).<\/td><\/tr><tr><td>Za\u0142o\u017cenie i&nbsp;prowadzenie konta w&nbsp;sklepie internetowym, na stronie: https:\/\/wozki.wdx.pl<\/td><td>Podstaw\u0105 prawn\u0105 przetwarzania Pa\u0144stwa danych osobowych w&nbsp;celu korzystania z&nbsp;konta w&nbsp;sklepie internetowym jest niezb\u0119dno\u015b\u0107 ich przetwarzania do wykonania umowy, polegaj\u0105cej na \u015bwiadczeniu przez WDX S.A. drog\u0105 elektroniczn\u0105 us\u0142ugi w&nbsp;postaci konta w&nbsp;sklepie internetowym (art. 6&nbsp;ust. 1&nbsp;lit. b&nbsp;RODO).<\/td><\/tr><\/tbody><\/table><\/figure>\n\n\n\n<p><strong>Profilowanie danych osobowych<\/strong><\/p>\n\n\n\n<p>Pa\u0144stwa dane osobowe nie b\u0119d\u0105 wykorzystywane do podejmowania zautomatyzowanych decyzji, w&nbsp;tym profilowania.<\/p>\n\n\n\n<p><strong>Odbiorcy danych osobowych<\/strong><\/p>\n\n\n\n<p>Odbiorcami Pa\u0144stwa danych osobowych b\u0119d\u0105:<\/p>\n\n\n\n<ol class=\"wp-block-list\">\n<li>upowa\u017cniony do tego personel Administratora,<\/li>\n\n\n\n<li>podmioty przetwarzaj\u0105ce dane osobowe na zlecenie Administratora dla wype\u0142nienia cel\u00f3w, dla jakich dane te s\u0105 zbierane (w szczeg\u00f3lno\u015bci podmioty dostarczaj\u0105ce rozwi\u0105zania IT oraz \u015bwiadcz\u0105ce us\u0142ugi IT i\u00a0wsparcia technicznego). Podmioty te musz\u0105 mie\u0107 dost\u0119p do danych, aby wykonywa\u0107 swoje obowi\u0105zki. Podmioty te b\u0119d\u0105 mia\u0142y dost\u0119p do danych osobowych tylko w\u00a0zakresie niezb\u0119dnym do realizacji spoczywaj\u0105cych na nich zada\u0144.<\/li>\n\n\n\n<li>organy w\u0142adzy publicznej oraz podmioty wykonuj\u0105ce zadania publiczne lub dzia\u0142aj\u0105ce na zlecenie organ\u00f3w w\u0142adzy publicznej, w\u00a0zakresie i\u00a0w\u00a0celach, kt\u00f3re wynikaj\u0105 z\u00a0przepis\u00f3w powszechnie obowi\u0105zuj\u0105cego prawa.<\/li>\n<\/ol>\n\n\n\n<p><strong>Czy Pa\u0144stwa dane osobowe mog\u0105 by\u0107 przekazywane poza Europejski Obszar Gospodarczy?<\/strong><\/p>\n\n\n\n<p>Dane osobowe mog\u0105 by\u0107 przekazywane poza teren Europejskiego Obszaru Gospodarczego i&nbsp;tym samym przetwarzane tak\u017ce przez podmioty dzia\u0142aj\u0105ce m.in. na terenie Stan\u00f3w Zjednoczonych Ameryki.<\/p>\n\n\n\n<p>Administrator zadba\u0142 o&nbsp;to, by korzysta\u0107 wy\u0142\u0105cznie z&nbsp;dostawc\u00f3w daj\u0105cych gwarancje wysokiego stopnia ochrony danych osobowych.<\/p>\n\n\n\n<p>Administrator zapewnia, i\u017c przekazywanie danych do podmiot\u00f3w dzia\u0142aj\u0105cych na terenie Stan\u00f3w Zjednoczonych Ameryki odbywa si\u0119 z&nbsp;zastosowaniem odpowiednich zabezpiecze\u0144, w&nbsp;oparciu o&nbsp;stosowne umowy pomi\u0119dzy Administratorem a&nbsp;takim podmiotem zawieraj\u0105c\u0105&nbsp; standardowe klauzule umowne przyj\u0119te przez Komisj\u0119 Europejsk\u0105. Tre\u015b\u0107 porozumienia dost\u0119pna jest u&nbsp;Administrator\u00f3w.<\/p>\n\n\n\n<p><strong>Okres przechowywania danych osobowych<\/strong><\/p>\n\n\n\n<p>Okres przetwarzania danych jest zwi\u0105zany z&nbsp;celami i&nbsp;podstawami ich przetwarzania, w&nbsp;zwi\u0105zku z&nbsp;czym:<\/p>\n\n\n\n<ol class=\"wp-block-list\">\n<li>dane przetwarzane na podstawie wymog\u00f3w ustawowych b\u0119d\u0105 przetwarzane przez czas, w\u00a0kt\u00f3rym przepisy prawa nakazuj\u0105 przechowanie danych;<\/li>\n\n\n\n<li>dane przetwarzane w\u00a0celu zawarcia i\u00a0realizacji umowy b\u0119d\u0105 przetwarzane przez okres niezb\u0119dny do jej realizacji i\u00a0rozliczenia, co mo\u017ce by\u0107 w\u00a0stosownych wypadkach przed\u0142u\u017cone o\u00a0okres przedawnienia roszcze\u0144 cywilnoprawnych.<\/li>\n\n\n\n<li>dane przetwarzane na podstawie prawnie uzasadnionego interesu Administratora b\u0119d\u0105 przetwarzane do czasu skutecznego z\u0142o\u017cenia sprzeciwu lub ustania tego interesu, np. dane przetwarzane w\u00a0celu dochodzenia lub obrony przed roszczeniami b\u0119d\u0105 przetwarzane przez czas r\u00f3wny okresowi przedawnienia tych roszcze\u0144.<\/li>\n\n\n\n<li>dane przetwarzane na podstawie zgody b\u0119d\u0105 przetwarzane do momentu cofni\u0119cia zgody.<\/li>\n\n\n\n<li>dane osobowe przetwarzane w\u00a0celach rekrutacyjnych b\u0119d\u0105 przechowywane do czasu zako\u0144czenia rekrutacji, w\u00a0kt\u00f3rym bior\u0105 Pa\u0144stwo udzia\u0142. W\u00a0przypadku dodatkowo wyra\u017conej zgody na wykorzystanie danych w\u00a0celach przysz\u0142ych rekrutacji, Pa\u0144stwa dane b\u0119d\u0105 przechowywane przez okres 9\u00a0miesi\u0119cy.\u00a0<\/li>\n\n\n\n<li>dane osobowe dotycz\u0105ce konta b\u0119d\u0105 przetwarzane do czasu skasowania Pa\u0144stwa konta. Konto mo\u017ce zosta\u0107 skasowane przez Pa\u0144stwa samodzielnie. Ponadto WDX S.A. ma mo\u017cliwo\u015b\u0107 skasowania konta w\u00a0przypadku naruszenia przez Pa\u0144stwa postanowie\u0144 regulaminu sklepu internetowego. Pa\u0144stwa konto zostanie r\u00f3wnie\u017c skasowane w\u00a0przypadku, gdy b\u0119dzie ono nieaktywne przez pi\u0119\u0107 lat.<\/li>\n<\/ol>\n\n\n\n<p><strong>Czy podanie Pa\u0144stwa danych osobowych jest Pa\u0144stwa obowi\u0105zkiem?<\/strong><\/p>\n\n\n\n<p>Podanie przez Pa\u0144stwa danych osobowych jest dobrowolne, &nbsp;jednak niezb\u0119dne do realizacji celu, kt\u00f3ry chc\u0105 Pa\u0144stwo zrealizowa\u0107, w&nbsp;tym do np. korzystania z&nbsp;serwisu, zawarcia umowy, odpowiedzi na Pa\u0144stwa zapytanie lub poruszone przez Pa\u0144stwa zagadnienie.<\/p>\n\n\n\n<p>Administrator wskazuje, \u017ce podanie przez kandydata danych osobowych wskazanych w&nbsp;art. 22(1) Kodeksu pracy jest obowi\u0105zkowe w&nbsp;\u015bwietle obowi\u0105zuj\u0105cych przepis\u00f3w prawa pracy. Ich niepodanie b\u0119dzie skutkowa\u0142o brakiem mo\u017cliwo\u015bci wzi\u0119cia udzia\u0142u w&nbsp;prowadzonym procesie rekrutacji. Podanie przez kandydata danych osobowych w&nbsp;zakresie szerszym ni\u017c wynikaj\u0105cy z&nbsp;art. 22(1) Kodeksu pracy jest dobrowolne. Administrator o\u015bwiadcza, \u017ce brak podania takich danych nie mo\u017ce by\u0107 podstaw\u0105 niekorzystnego traktowania osoby ubiegaj\u0105cej si\u0119 o&nbsp;zatrudnienie, a&nbsp;tak\u017ce nie mo\u017ce powodowa\u0107 wobec niej jakichkolwiek negatywnych konsekwencji, zw\u0142aszcza nie mo\u017ce stanowi\u0107 przyczyny uzasadniaj\u0105cej odmow\u0119 zatrudnienia.<\/p>\n\n\n\n<p><strong>Przys\u0142uguj\u0105ce prawa<\/strong><\/p>\n\n\n\n<p>Przys\u0142uguje Pa\u0144stwu prawo do:<\/p>\n\n\n\n<ol class=\"wp-block-list\">\n<li>\u017c\u0105dania dost\u0119pu do swoich danych osobowych, ich sprostowania, usuni\u0119cia lub ograniczenia przetwarzania, a\u00a0tak\u017ce prawo do przenoszenia danych,<\/li>\n\n\n\n<li>w przypadku, gdy podstaw\u0105 przetwarzania danych osobowych jest prawnie uzasadniony interes Administratora \u2013 prawo do wniesienia w\u00a0dowolnym momencie sprzeciwu wobec przetwarzania danych osobowych z\u00a0przyczyn zwi\u0105zanych ze szczeg\u00f3ln\u0105 sytuacj\u0105 osoby,<\/li>\n\n\n\n<li>w przypadku, gdy prawnie uzasadniony interes polega na prowadzeniu dzia\u0142a\u0144 marketingu bezpo\u015bredniego \u2013 prawo do wniesienia w\u00a0dowolnym momencie sprzeciwu wobec przetwarzania danych osobowych na potrzeby realizacji dzia\u0142a\u0144 marketingowych, bez konieczno\u015bci uzasadniania swojej decyzji,<\/li>\n\n\n\n<li>cofni\u0119cia zgody w\u00a0dowolnym momencie bez wp\u0142ywu na zgodno\u015b\u0107 z\u00a0prawem przetwarzania, kt\u00f3rego dokonano na podstawie zgody przed jej cofni\u0119ciem,<\/li>\n\n\n\n<li>wniesienia skargi do organu nadzorczego, tj. Prezesa Urz\u0119du Ochrony Danych Osobowych.<\/li>\n<\/ol>\n\n\n\n<p>Pro\u015bb\u0119 o&nbsp;realizacj\u0119 przys\u0142uguj\u0105cych praw mo\u017cna z\u0142o\u017cy\u0107 na dane kontaktowe podane na wst\u0119pie.<\/p>\n\n\n\n<p>Serwis korzysta z&nbsp;tzw. Plik\u00f3w cookies, kt\u00f3re przetwarzaj\u0105 dla cel\u00f3w statystycznych Pa\u0144stwa dane osobowe. Serwis korzysta z&nbsp;plik\u00f3w cookies oferowanych przez us\u0142ug\u0119 Google Analitycs firmy Google. Wi\u0119cej informacji mog\u0105 Pa\u0144stwo uzyska\u0107 na stronie:<a href=\"https:\/\/developers.google.com\/analytics\/devguides\/collection\/analyticsjs\/cookie-usage\">https:\/\/developers.google.com\/analytics\/devguides\/collection\/analyticsjs\/cookie-usage<\/a><\/p>\n\n\n\n<p><strong>Inspektor RODO<\/strong><\/p>\n\n\n\n<p>Patrycja Krzekotowska, e-mail: <a href=\"mailto:odo@wdx.pl\">odo@wdx.pl<\/a><\/p>\n","protected":false},"excerpt":{"rendered":"<p>Poufno\u015b\u0107 danych i&nbsp;ochrona prywatno\u015bci naszych Klient\u00f3w stanowi dla nas kwesti\u0119 priorytetow\u0105. W&nbsp;zwi\u0105zku z&nbsp;tym w&nbsp;trosce o&nbsp;bezpiecze\u0144stwo Pa\u0144stwa danych osobowych w&nbsp;WDX S.A. z&nbsp;&nbsp;siedzib\u0105 w&nbsp;Warszawie (02-677), ul. Ta\u015bmowa 7&nbsp;ustanowiono polityk\u0119 okre\u015blaj\u0105c\u0105 zasady dotycz\u0105ce sposobu przetwarzania danych osobowych. Pa\u0144stwa dane osobowe przetwarzamy zgodnie z&nbsp;Rozporz\u0105dzeniem Parlamentu Europejskiego i&nbsp;Rady (UE) 2016\/679 z&nbsp;dnia 27 kwietnia 2016 r. w&nbsp;sprawie ochrony os\u00f3b fizycznych w&nbsp;zwi\u0105zku [&hellip;]<\/p>\n","protected":false},"author":1,"featured_media":0,"parent":0,"menu_order":0,"comment_status":"closed","ping_status":"closed","template":"","meta":{"_acf_changed":false,"footnotes":""},"class_list":["post-3734","page","type-page","status-publish","hentry"],"acf":[],"_links":{"self":[{"href":"https:\/\/versabox.eu\/pl\/wp-json\/wp\/v2\/pages\/3734","targetHints":{"allow":["GET"]}}],"collection":[{"href":"https:\/\/versabox.eu\/pl\/wp-json\/wp\/v2\/pages"}],"about":[{"href":"https:\/\/versabox.eu\/pl\/wp-json\/wp\/v2\/types\/page"}],"author":[{"embeddable":true,"href":"https:\/\/versabox.eu\/pl\/wp-json\/wp\/v2\/users\/1"}],"replies":[{"embeddable":true,"href":"https:\/\/versabox.eu\/pl\/wp-json\/wp\/v2\/comments?post=3734"}],"version-history":[{"count":0,"href":"https:\/\/versabox.eu\/pl\/wp-json\/wp\/v2\/pages\/3734\/revisions"}],"wp:attachment":[{"href":"https:\/\/versabox.eu\/pl\/wp-json\/wp\/v2\/media?parent=3734"}],"curies":[{"name":"wp","href":"https:\/\/api.w.org\/{rel}","templated":true}]}}