{"id":3738,"date":"2024-08-29T11:00:37","date_gmt":"2024-08-29T09:00:37","guid":{"rendered":"https:\/\/versabox.eu\/notification-duty\/"},"modified":"2024-09-06T10:03:41","modified_gmt":"2024-09-06T08:03:41","slug":"obowiazek-informacyjny","status":"publish","type":"page","link":"https:\/\/versabox.eu\/pl\/obowiazek-informacyjny\/","title":{"rendered":"Obowi\u0105zek informacyjny"},"content":{"rendered":"\n<p>Na podstawie art. 13 ust. 1&nbsp;i&nbsp;2&nbsp;rozporz\u0105dzenia Parlamentu Europejskiego i&nbsp;Rady (UE) nr 2016 \/679 z&nbsp;dnia 27 kwietnia 2016 roku w&nbsp;sprawie ochrony os\u00f3b fizycznych w&nbsp;zwi\u0105zku z&nbsp;przetwarzaniem danych osobowych i&nbsp;w&nbsp;sprawie swobodnego przep\u0142ywu takich danych oraz uchylenia dyrektywy 95\/46\/WE (og\u00f3lne rozporz\u0105dzenie o&nbsp;ochronie danych, dalej jako RODO), informujemy, i\u017c:<\/p>\n\n\n\n<ol class=\"wp-block-list\">\n<li>Administratorem danych osobowych jest WDX S.A. z\u00a0siedzib\u0105 w\u00a0Warszawie: ul. Ta\u015bmowa 7, 02-677 Warszawa (\u201eAdministrator\u201d).<\/li>\n\n\n\n<li>Dane osobowe przetwarzane s\u0105 w\u00a0celu udzielenia odpowiedzi na zadane przez Pani\u0105\/Pana pytanie na podstawie prawnie usprawiedliwionego interesu Administratora (art. 6\u00a0ust. 1\u00a0lit. f. RODO). Ponadto \u2013 w\u00a0przypadku dobrowolnie wyra\u017conej zgody, dane mog\u0105 by\u0107 przetwarzane w\u00a0celu dostarczania Pani\/Panu tre\u015bci o\u00a0charakterze marketingowym w\u00a0postacie newslettera, oferty handlowej Administratora, informacji o\u00a0organizowanych przez Administratora wydarzeniach oraz przeprowadzania bada\u0144 satysfakcji klienta.<\/li>\n\n\n\n<li>Odbiorcami danych osobowych b\u0119d\u0105 pracownicy i\u00a0wsp\u00f3\u0142pracownicy Administratora, a\u00a0tak\u017ce firmy \u015bwiadcz\u0105ce na rzecz Administratora us\u0142ugi w\u00a0zakresie wsparcia proces\u00f3w IT, wsparcia proces\u00f3w marketingowych, a\u00a0tak\u017ce dor\u0119czania korespondencji i\u00a0niszczenia dokumentacji.<\/li>\n\n\n\n<li>Administrator nie zamierza przekazywa\u0107 danych do pa\u0144stwa trzeciego lub organizacji mi\u0119dzynarodowej.<\/li>\n\n\n\n<li>Dane osobowe b\u0119d\u0105 przetwarzane przez czas prowadzenia z\u00a0Pani\u0105\/Panem korespondencji.<\/li>\n\n\n\n<li>Przys\u0142uguje Pani\/Panu prawo do:\n<ul class=\"wp-block-list\">\n<li>\u017c\u0105dania dost\u0119pu do swoich danych osobowych, ich sprostowania, usuni\u0119cia lub ograniczenia przetwarzania a\u00a0tak\u017ce prawo do przenoszenia danych,<br>prawo do wniesienia sprzeciwu wobec przetwarzania danych,<\/li>\n\n\n\n<li>cofni\u0119cia zgody na przetwarzanie danych w\u00a0celach marketingowych; cofni\u0119cie zgody pozostanie bez wp\u0142ywu na zgodno\u015b\u0107 z\u00a0prawem przetwarzania danych na podstawie zgody do momentu jej wycofania<\/li>\n\n\n\n<li>wniesienia skargi do Prezesa Urz\u0119du Ochrony Danych Osobowych<\/li>\n<\/ul>\n<\/li>\n\n\n\n<li>Podanie danych jest dobrowolne lecz niezb\u0119dne w\u00a0celu udzielenia odpowiedzi na zadane pytanie i\u00a0ewentualnego dostarczania tre\u015bci marketingowych.<\/li>\n\n\n\n<li>Pani\/Pana dane osobowe nie b\u0119d\u0105 wykorzystywane do profilowania, w\u00a0tym do zautomatyzowanego podejmowania decyzji.<\/li>\n\n\n\n<li>Po zako\u0144czeniu przetwarzania Pani\/Pana danych osobowych w\u00a0pierwotnym celu, Pani\/Pana dane nie b\u0119d\u0105 przetwarzane w\u00a0jakimkolwiek innym celu.<\/li>\n<\/ol>\n","protected":false},"excerpt":{"rendered":"<p>Na podstawie art. 13 ust. 1&nbsp;i&nbsp;2&nbsp;rozporz\u0105dzenia Parlamentu Europejskiego i&nbsp;Rady (UE) nr 2016 \/679 z&nbsp;dnia 27 kwietnia 2016 roku w&nbsp;sprawie ochrony os\u00f3b fizycznych w&nbsp;zwi\u0105zku z&nbsp;przetwarzaniem danych osobowych i&nbsp;w&nbsp;sprawie swobodnego przep\u0142ywu takich danych oraz uchylenia dyrektywy 95\/46\/WE (og\u00f3lne rozporz\u0105dzenie o&nbsp;ochronie danych, dalej jako RODO), informujemy, i\u017c:<\/p>\n","protected":false},"author":1,"featured_media":0,"parent":0,"menu_order":0,"comment_status":"closed","ping_status":"closed","template":"","meta":{"_acf_changed":false,"footnotes":""},"class_list":["post-3738","page","type-page","status-publish","hentry"],"acf":[],"_links":{"self":[{"href":"https:\/\/versabox.eu\/pl\/wp-json\/wp\/v2\/pages\/3738","targetHints":{"allow":["GET"]}}],"collection":[{"href":"https:\/\/versabox.eu\/pl\/wp-json\/wp\/v2\/pages"}],"about":[{"href":"https:\/\/versabox.eu\/pl\/wp-json\/wp\/v2\/types\/page"}],"author":[{"embeddable":true,"href":"https:\/\/versabox.eu\/pl\/wp-json\/wp\/v2\/users\/1"}],"replies":[{"embeddable":true,"href":"https:\/\/versabox.eu\/pl\/wp-json\/wp\/v2\/comments?post=3738"}],"version-history":[{"count":0,"href":"https:\/\/versabox.eu\/pl\/wp-json\/wp\/v2\/pages\/3738\/revisions"}],"wp:attachment":[{"href":"https:\/\/versabox.eu\/pl\/wp-json\/wp\/v2\/media?parent=3738"}],"curies":[{"name":"wp","href":"https:\/\/api.w.org\/{rel}","templated":true}]}}