{"id":3755,"date":"2024-09-01T21:27:47","date_gmt":"2024-09-01T19:27:47","guid":{"rendered":"https:\/\/versabox.eu\/cookie-policy\/"},"modified":"2024-09-06T11:08:18","modified_gmt":"2024-09-06T09:08:18","slug":"polityka-cookie","status":"publish","type":"page","link":"https:\/\/versabox.eu\/pl\/polityka-cookie\/","title":{"rendered":"Polityka cookie"},"content":{"rendered":"\n<p>Pliki cookie (tzw. ciasteczka) to niewielkie pliki tekstowe, tworzone automatycznie przez przegl\u0105dark\u0119 internetow\u0105, podczas odwiedzania stron internetowych. S\u0105 stosowane wy\u0142\u0105cznie w&nbsp;celu lepszego dostosowania witryny internetowej do indywidualnych potrzeb internaut\u00f3w. Nie zawieraj\u0105 \u017cadnych danych osobowych.<\/p>\n\n\n\n<p>Wykorzystujemy pliki cookie do gromadzenia informacji o&nbsp;tym, w&nbsp;jaki spos\u00f3b osoby odwiedzaj\u0105ce korzystaj\u0105 z&nbsp;naszej witryny internetowej. Dzi\u0119ki tym informacjom na bie\u017c\u0105co ulepszamy dzia\u0142anie witryny oraz zapewniamy u\u017cytkownikom optymalne warunki korzystania z&nbsp;serwisu i&nbsp;oferty. Aby zarz\u0105dza\u0107 wykorzystywanymi przez nas plikami cookie, prosimy klikn\u0105\u0107 Ustawienia cookies.<\/p>\n\n\n\n<p>W naszej witrynie wykorzystujemy nast\u0119puj\u0105ce typy plik\u00f3w cookie:<\/p>\n","protected":false},"excerpt":{"rendered":"<p>Pliki cookie (tzw. ciasteczka) to niewielkie pliki tekstowe, tworzone automatycznie przez przegl\u0105dark\u0119 internetow\u0105, podczas odwiedzania stron internetowych. S\u0105 stosowane wy\u0142\u0105cznie w&nbsp;celu lepszego dostosowania witryny internetowej do indywidualnych potrzeb internaut\u00f3w. Nie zawieraj\u0105 \u017cadnych danych osobowych. Wykorzystujemy pliki cookie do gromadzenia informacji o&nbsp;tym, w&nbsp;jaki spos\u00f3b osoby odwiedzaj\u0105ce korzystaj\u0105 z&nbsp;naszej witryny internetowej. Dzi\u0119ki tym informacjom na bie\u017c\u0105co ulepszamy [&hellip;]<\/p>\n","protected":false},"author":1,"featured_media":0,"parent":0,"menu_order":0,"comment_status":"closed","ping_status":"closed","template":"tpl\/cookie.php","meta":{"_acf_changed":false,"footnotes":""},"class_list":["post-3755","page","type-page","status-publish","hentry"],"acf":[],"_links":{"self":[{"href":"https:\/\/versabox.eu\/pl\/wp-json\/wp\/v2\/pages\/3755","targetHints":{"allow":["GET"]}}],"collection":[{"href":"https:\/\/versabox.eu\/pl\/wp-json\/wp\/v2\/pages"}],"about":[{"href":"https:\/\/versabox.eu\/pl\/wp-json\/wp\/v2\/types\/page"}],"author":[{"embeddable":true,"href":"https:\/\/versabox.eu\/pl\/wp-json\/wp\/v2\/users\/1"}],"replies":[{"embeddable":true,"href":"https:\/\/versabox.eu\/pl\/wp-json\/wp\/v2\/comments?post=3755"}],"version-history":[{"count":0,"href":"https:\/\/versabox.eu\/pl\/wp-json\/wp\/v2\/pages\/3755\/revisions"}],"wp:attachment":[{"href":"https:\/\/versabox.eu\/pl\/wp-json\/wp\/v2\/media?parent=3755"}],"curies":[{"name":"wp","href":"https:\/\/api.w.org\/{rel}","templated":true}]}}