{"id":3888,"date":"2024-09-09T19:47:01","date_gmt":"2024-09-09T17:47:01","guid":{"rendered":"https:\/\/versabox.eu\/?page_id=3888"},"modified":"2024-09-09T19:47:01","modified_gmt":"2024-09-09T17:47:01","slug":"projekt-eu","status":"publish","type":"page","link":"https:\/\/versabox.eu\/pl\/projekt-eu\/","title":{"rendered":"Projekt EU"},"content":{"rendered":"<div class=\"wp-block-image\">\n<figure class=\"alignleft size-large\"><img loading=\"lazy\" decoding=\"async\" width=\"1200\" height=\"125\" src=\"https:\/\/versabox.eu\/wp-content\/uploads\/2024\/09\/belka_FE_PL-1200x125.webp\" alt=\"\" class=\"wp-image-3889\" srcset=\"https:\/\/versabox.eu\/wp-content\/uploads\/2024\/09\/belka_FE_PL-1200x125.webp 1200w, https:\/\/versabox.eu\/wp-content\/uploads\/2024\/09\/belka_FE_PL-800x84.webp 800w, https:\/\/versabox.eu\/wp-content\/uploads\/2024\/09\/belka_FE_PL-768x80.webp 768w, https:\/\/versabox.eu\/wp-content\/uploads\/2024\/09\/belka_FE_PL-1536x160.webp 1536w, https:\/\/versabox.eu\/wp-content\/uploads\/2024\/09\/belka_FE_PL.webp 1723w\" sizes=\"auto, (max-width: 1200px) 100vw, 1200px\" \/><\/figure>\n<\/div>\n\n\n<p><strong>VersaBox Sp.&nbsp;z&nbsp;o.o. realizuje projekt wsp\u00f3\u0142finansowany z&nbsp;Funduszy Europejskich POIR.01.01.01-00-0992\/16<\/strong><\/p>\n\n\n\n<p>Tytu\u0142 projektu:<\/p>\n\n\n\n<p>Autonomiczny system transportu, oparty na robotach mobilnych oraz ucz\u0105cych si\u0119 algorytmach planowania i&nbsp;sterowania, dla proces\u00f3w produkcyjnych oraz nieliniowych proces\u00f3w wewn\u0119trznej logistyki magazynowej<\/p>\n\n\n\n<p>Cel projektu:<\/p>\n\n\n\n<p>Optymalizacja i&nbsp;automatyzacja proces\u00f3w intralogistycznych pozwalaj\u0105ca na obni\u017cenie koszt\u00f3w produkcji i&nbsp;redukcji problem\u00f3w wynikaj\u0105cych z&nbsp;braku pracownik\u00f3w.<\/p>\n\n\n\n<p>Opis projektu i&nbsp;planowane efekty:<\/p>\n\n\n\n<p>W ramach wst\u0119pnych prac B+R Wnioskodawca opracowa\u0142 prototyp robota mobilnego, kt\u00f3ry w&nbsp;oparciu o&nbsp;nowatorskie rozwi\u0105zania (w tym b\u0119d\u0105ce przedmiotem zg\u0142oszenia patentowego) autonomicznie porusza si\u0119 w&nbsp;budynkach i&nbsp;w\u015br\u00f3d ludzi. Testy i&nbsp;pokazy rozwi\u0105zania wykaza\u0142y du\u017ce zainteresowanie rynku oraz konieczno\u015b\u0107 przeprowadzenia dalszych bada\u0144 w&nbsp;celu umo\u017cliwienia wdro\u017cenia produktu odpowiadaj\u0105cego potrzebom u\u017cytkownik\u00f3w.<\/p>\n\n\n\n<p>W ramach projektu VersaBox przeprowadzi badania maj\u0105ce na celu weryfikacji mo\u017cliwo\u015bci wykorzystania: a) zaawansowanych lokalnych i&nbsp;funkcjonuj\u0105cych na poziomie pojedynczego robota algorytm\u00f3w ucz\u0105cych si\u0119 wzorc\u00f3w ruchowych przeszk\u00f3d,<br>b) samoucz\u0105cych algorytm\u00f3w do zarz\u0105dzania grup\u0105 robot\u00f3w na bazie informacji przekazywanych przez roboty w&nbsp;czasie rzeczywistym oraz algorytm\u00f3w predictive maintenance.<\/p>\n\n\n\n<p>Zbadane zostan\u0105 te\u017c mo\u017cliwo\u015bci wykorzystania r\u00f3\u017cnych system\u00f3w wizyjnych oraz opracowanych przez VersaBox algorytm\u00f3w do pozycjonowania i&nbsp;nawigacji z&nbsp;wykorzystaniem sensor\u00f3w daj\u0105cych odwzorowanie przestrzeni w&nbsp;3D.<\/p>\n\n\n\n<p>Zaprojektowany zostanie te\u017c uk\u0142ad zasilania z&nbsp;mo\u017cliwo\u015bci\u0105 odzysku energii hamowania.<\/p>\n\n\n\n<p>W oparciu o&nbsp;opracowane rozwi\u0105zania wykonana zostanie seria prototyp\u00f3w robot\u00f3w umo\u017cliwiaj\u0105ca badania i&nbsp;testy przemys\u0142owe.<\/p>\n\n\n\n<p>Projekt jest wsp\u00f3\u0142finansowany w&nbsp;ramach \u201eProgram Operacyjny Inteligentny Rozw\u00f3j 2014-2020\u201d wsp\u00f3\u0142finansowany przez Europejski Fundusz Rozwoju Regionalnego w&nbsp;ramach osi priorytetowej Wsparcie prowadzenia prac B+R przez przedsi\u0119biorstwa, dzia\u0142anie Projekty B&nbsp;+&nbsp;R&nbsp;przedsi\u0119biorstw, poddzia\u0142anie Badania przemys\u0142owe i&nbsp;prace rozwojowe realizowane przez przedsi\u0119biorstwa. Zawarty z&nbsp;Narodowym Centrum Bada\u0144 i&nbsp;Rozwoju 26.07.2017 r. zgodnie z&nbsp;umow\u0105 Nr.: POIR.01.01.01-00- 0992 \/&nbsp;16-00<\/p>\n\n\n\n<p><strong>Okres trwania projektu: 2017-05-01 \u2013 2019-04-30<br>Warto\u015b\u0107 projektu: PLN 8,005,955.15<br>Dofinansowanie projektu z&nbsp;UE: PLN 5,278,453.56<\/strong><\/p>\n\n\n\n<p><strong>VersaBox Sp.&nbsp;z&nbsp;o.o. realizuje projekt wsp\u00f3\u0142finansowany z&nbsp;Funduszy Europejskich POIR.01.01.01-00-0455\/20<\/strong><\/p>\n\n\n\n<p>Tytu\u0142 projektu:<\/p>\n\n\n\n<p>Opracowanie rozwi\u0105zania technologicznego bazuj\u0105cego na algorytmach optymalizacyjnych umo\u017cliwiaj\u0105cego realizacj\u0119 wdro\u017ce\u0144 autonomicznej floty robot\u00f3w mobilnych, w&nbsp;warunkach wysokiego zag\u0119szczenia, przeznaczonych do wykonywania zada\u0144 transportowych w&nbsp;przemys\u0142owych procesach intralogistycznych.<\/p>\n\n\n\n<p>Cel projektu:<\/p>\n\n\n\n<p>Celem projektu jest rozw\u00f3j oferowanego przez VersaBox przemys\u0142owego systemu transportu towar\u00f3w Autonomy@Work&nbsp;opartego o&nbsp;flot\u0119 autonomicznych robot\u00f3w mobilnych (ang. autonomous mobile robot, AMR).<\/p>\n\n\n\n<p>Opis projektu i&nbsp;planowane efekty:<\/p>\n\n\n\n<p>Wykorzystuj\u0105c predykcj\u0119&nbsp;skutk\u00f3w podejmowanych decyzji z&nbsp;u\u017cyciem koncepcji cyfrowej reprezentacji i&nbsp;symulacji procesu transportowego mo\u017cliwe&nbsp;stanie si\u0119 osi\u0105gni\u0119cie skokowego przyrostu wydajno\u015bci robot\u00f3w klasy AMR. W&nbsp;szczeg\u00f3lno\u015bci dotyczy to warunk\u00f3w, kt\u00f3re&nbsp;s\u0105 obecnie poza zasi\u0119giem oferowanych na rynku system\u00f3w transportowych bazuj\u0105cych na swobodnie nawiguj\u0105cych&nbsp;robotach mobilnych. W&nbsp;wyniku przesuni\u0119cia bariery technologicznej mo\u017cliwa stanie si\u0119 realizacja skomplikowanych&nbsp;proces\u00f3w transportowych wykorzystuj\u0105cych flot\u0119 robot\u00f3w mobilnych pracuj\u0105cych w&nbsp;warunkach wysokiego zag\u0119szczenia w&nbsp;dynamicznym otoczeniu, w&nbsp;kt\u00f3rym regularnie wyst\u0119puj\u0105 inni pracownicy. Osi\u0105gni\u0119cie tej w\u0142asno\u015bci odb\u0119dzie si\u0119 w&nbsp;ramach&nbsp;rozwoju oprogramowania steruj\u0105cego flot\u0105, dzi\u0119ki wyposa\u017ceniu go w&nbsp;programowe narz\u0119dzia optymalizuj\u0105ce dedykowane&nbsp;poszukiwaniu rozwi\u0105zania dla problem\u00f3w o&nbsp;skomplikowanej zale\u017cno\u015bci. Rozr\u00f3\u017cniane zostaj\u0105 trzy poziomy optymalizacji:&nbsp;konfiguracji uruchomienia systemu, harmonogramowania zada\u0144 oraz operacyjnego wykonania zada\u0144, w&nbsp;ramach kt\u00f3rych&nbsp;zostanie wyznaczony cel dzia\u0142ania, jakim jest globalny wzrost wydajno\u015bci transportu (tj. dla ca\u0142ej wdro\u017conej floty robot\u00f3w).&nbsp;Narz\u0119dzia optymalizacji, na podstawie predykcyjnej analizy skutk\u00f3w decyzji w&nbsp;oparciu o&nbsp;symulacyjne modele&nbsp;rzeczywistych instancji hal magazynowych i&nbsp;floty robot\u00f3w, pozwol\u0105 na wyb\u00f3r rozwi\u0105zania z&nbsp;uwzgl\u0119dnieniem szerszych&nbsp;skutk\u00f3w ni\u017c rezultaty lokalne, chwilowe lub odpowiednie z&nbsp;punktu widzenia jednostki. Projekt ten wpisuje si\u0119 w&nbsp;my\u015bl&nbsp;automatyzacji transportu intralogistycznego w&nbsp;spos\u00f3b zgodny z&nbsp;koncepcj\u0105 Przemys\u0142u 4.0, tj. w&nbsp;spos\u00f3b zwinny i&nbsp;elastyczny.<\/p>\n\n\n\n<p>Projekt jest wsp\u00f3\u0142finansowany w&nbsp;ramach \u201eProgram Operacyjny Inteligentny Rozw\u00f3j 2014-2020\u201d wsp\u00f3\u0142finansowany przez Europejski Fundusz Rozwoju Regionalnego w&nbsp;ramach osi priorytetowej Wsparcie prowadzenia prac B+R przez przedsi\u0119biorstwa, dzia\u0142anie&nbsp;Projekty B&nbsp;+&nbsp;R&nbsp;przedsi\u0119biorstw, poddzia\u0142anie Badania przemys\u0142owe i&nbsp;prace rozwojowe realizowane przez przedsi\u0119biorstwa. Zawarty z&nbsp;&nbsp;Narodowym Centrum Bada\u0144 i&nbsp;Rozwoju 23.09.2021r.&nbsp;zgodnie z&nbsp;umow\u0105 Nr.: POIR.01.01.01-00-0455\/20-00<\/p>\n\n\n\n<p><strong>Okres trwania projektu: 2021-03-01 \u2013 2023-12-31<br>Warto\u015b\u0107 projektu: PLN 7&nbsp;439 794,25<br>Dofinansowanie projektu z&nbsp;UE: PLN 5&nbsp;403 561,55<\/strong><\/p>\n","protected":false},"excerpt":{"rendered":"<p>VersaBox Sp.&nbsp;z&nbsp;o.o. realizuje projekt wsp\u00f3\u0142finansowany z&nbsp;Funduszy Europejskich POIR.01.01.01-00-0992\/16 Tytu\u0142 projektu: Autonomiczny system transportu, oparty na robotach mobilnych oraz ucz\u0105cych si\u0119 algorytmach planowania i&nbsp;sterowania, dla proces\u00f3w produkcyjnych oraz nieliniowych proces\u00f3w wewn\u0119trznej logistyki magazynowej Cel projektu: Optymalizacja i&nbsp;automatyzacja proces\u00f3w intralogistycznych pozwalaj\u0105ca na obni\u017cenie koszt\u00f3w produkcji i&nbsp;redukcji problem\u00f3w wynikaj\u0105cych z&nbsp;braku pracownik\u00f3w. Opis projektu i&nbsp;planowane efekty: W ramach wst\u0119pnych [&hellip;]<\/p>\n","protected":false},"author":1,"featured_media":0,"parent":0,"menu_order":0,"comment_status":"closed","ping_status":"closed","template":"","meta":{"_acf_changed":false,"footnotes":""},"class_list":["post-3888","page","type-page","status-publish","hentry"],"acf":[],"_links":{"self":[{"href":"https:\/\/versabox.eu\/pl\/wp-json\/wp\/v2\/pages\/3888","targetHints":{"allow":["GET"]}}],"collection":[{"href":"https:\/\/versabox.eu\/pl\/wp-json\/wp\/v2\/pages"}],"about":[{"href":"https:\/\/versabox.eu\/pl\/wp-json\/wp\/v2\/types\/page"}],"author":[{"embeddable":true,"href":"https:\/\/versabox.eu\/pl\/wp-json\/wp\/v2\/users\/1"}],"replies":[{"embeddable":true,"href":"https:\/\/versabox.eu\/pl\/wp-json\/wp\/v2\/comments?post=3888"}],"version-history":[{"count":0,"href":"https:\/\/versabox.eu\/pl\/wp-json\/wp\/v2\/pages\/3888\/revisions"}],"wp:attachment":[{"href":"https:\/\/versabox.eu\/pl\/wp-json\/wp\/v2\/media?parent=3888"}],"curies":[{"name":"wp","href":"https:\/\/api.w.org\/{rel}","templated":true}]}}